{"id":11,"date":"2024-08-07T14:49:42","date_gmt":"2024-08-07T12:49:42","guid":{"rendered":"https:\/\/travailetapprentissages.fr\/?page_id=11"},"modified":"2024-08-22T16:06:49","modified_gmt":"2024-08-22T14:06:49","slug":"les-numeros","status":"publish","type":"page","link":"https:\/\/travailetapprentissages.fr\/?page_id=11","title":{"rendered":"Les num\u00e9ros"},"content":{"rendered":"\n<div class=\"wp-block-cover aligncenter is-light\" style=\"min-height:156px;aspect-ratio:unset;\"><span aria-hidden=\"true\" class=\"wp-block-cover__background has-base-2-background-color has-background-dim\"><\/span><img loading=\"lazy\" decoding=\"async\" width=\"1280\" height=\"783\" class=\"wp-block-cover__image-background wp-image-96\" alt=\"\" src=\"https:\/\/travailetapprentissages.fr\/wp-content\/uploads\/2024\/08\/paper-623167_1280-3.jpg\" style=\"object-position:48% 22%\" data-object-fit=\"cover\" data-object-position=\"48% 22%\" srcset=\"https:\/\/travailetapprentissages.fr\/wp-content\/uploads\/2024\/08\/paper-623167_1280-3.jpg 1280w, https:\/\/travailetapprentissages.fr\/wp-content\/uploads\/2024\/08\/paper-623167_1280-3-300x184.jpg 300w, https:\/\/travailetapprentissages.fr\/wp-content\/uploads\/2024\/08\/paper-623167_1280-3-1024x626.jpg 1024w, https:\/\/travailetapprentissages.fr\/wp-content\/uploads\/2024\/08\/paper-623167_1280-3-768x470.jpg 768w\" sizes=\"auto, (max-width: 1280px) 100vw, 1280px\" \/><div class=\"wp-block-cover__inner-container has-global-padding is-layout-constrained wp-block-cover-is-layout-constrained\">\n<p class=\"has-text-align-center has-contrast-color has-text-color has-link-color has-large-font-size wp-elements-2406d963e7186195962d694080de0380\"><a href=\"https:\/\/travailetapprentissages.fr\/?page_id=105\" data-type=\"page\" data-id=\"105\">Num\u00e9ros parus<\/a><\/p>\n<\/div><\/div>\n\n\n\n<div class=\"wp-block-cover aligncenter is-light\" style=\"min-height:156px;aspect-ratio:unset;\"><span aria-hidden=\"true\" class=\"wp-block-cover__background has-base-2-background-color has-background-dim\"><\/span><img loading=\"lazy\" decoding=\"async\" width=\"1280\" height=\"783\" class=\"wp-block-cover__image-background wp-image-96\" alt=\"\" src=\"https:\/\/travailetapprentissages.fr\/wp-content\/uploads\/2024\/08\/paper-623167_1280-3.jpg\" style=\"object-position:52% 100%\" data-object-fit=\"cover\" data-object-position=\"52% 100%\" srcset=\"https:\/\/travailetapprentissages.fr\/wp-content\/uploads\/2024\/08\/paper-623167_1280-3.jpg 1280w, https:\/\/travailetapprentissages.fr\/wp-content\/uploads\/2024\/08\/paper-623167_1280-3-300x184.jpg 300w, https:\/\/travailetapprentissages.fr\/wp-content\/uploads\/2024\/08\/paper-623167_1280-3-1024x626.jpg 1024w, https:\/\/travailetapprentissages.fr\/wp-content\/uploads\/2024\/08\/paper-623167_1280-3-768x470.jpg 768w\" sizes=\"auto, (max-width: 1280px) 100vw, 1280px\" \/><div class=\"wp-block-cover__inner-container has-global-padding is-layout-constrained wp-block-cover-is-layout-constrained\">\n<p class=\"has-text-align-center has-contrast-color has-text-color has-link-color has-large-font-size wp-elements-4b79a1e5c7edb25499c3ca4a106edf12\"><a href=\"https:\/\/travailetapprentissages.fr\/?page_id=43\" data-type=\"page\" data-id=\"43\">Num\u00e9ros \u00e0 para\u00eetre<\/a><\/p>\n<\/div><\/div>\n\n\n\n<div style=\"height:100px\" aria-hidden=\"true\" class=\"wp-block-spacer\"><\/div>\n","protected":false},"excerpt":{"rendered":"","protected":false},"author":1,"featured_media":0,"parent":0,"menu_order":0,"comment_status":"closed","ping_status":"closed","template":"","meta":{"footnotes":""},"class_list":["post-11","page","type-page","status-publish","hentry"],"_links":{"self":[{"href":"https:\/\/travailetapprentissages.fr\/index.php?rest_route=\/wp\/v2\/pages\/11","targetHints":{"allow":["GET"]}}],"collection":[{"href":"https:\/\/travailetapprentissages.fr\/index.php?rest_route=\/wp\/v2\/pages"}],"about":[{"href":"https:\/\/travailetapprentissages.fr\/index.php?rest_route=\/wp\/v2\/types\/page"}],"author":[{"embeddable":true,"href":"https:\/\/travailetapprentissages.fr\/index.php?rest_route=\/wp\/v2\/users\/1"}],"replies":[{"embeddable":true,"href":"https:\/\/travailetapprentissages.fr\/index.php?rest_route=%2Fwp%2Fv2%2Fcomments&post=11"}],"version-history":[{"count":6,"href":"https:\/\/travailetapprentissages.fr\/index.php?rest_route=\/wp\/v2\/pages\/11\/revisions"}],"predecessor-version":[{"id":748,"href":"https:\/\/travailetapprentissages.fr\/index.php?rest_route=\/wp\/v2\/pages\/11\/revisions\/748"}],"wp:attachment":[{"href":"https:\/\/travailetapprentissages.fr\/index.php?rest_route=%2Fwp%2Fv2%2Fmedia&parent=11"}],"curies":[{"name":"wp","href":"https:\/\/api.w.org\/{rel}","templated":true}]}}