{"id":16,"date":"2024-08-07T14:50:44","date_gmt":"2024-08-07T12:50:44","guid":{"rendered":"https:\/\/travailetapprentissages.fr\/?page_id=16"},"modified":"2026-02-26T12:38:42","modified_gmt":"2026-02-26T11:38:42","slug":"actualites","status":"publish","type":"page","link":"https:\/\/travailetapprentissages.fr\/?page_id=16","title":{"rendered":"Actualit\u00e9s"},"content":{"rendered":"\n<p class=\"has-text-align-left has-text-color has-link-color has-system-sans-serif-font-family has-large-font-size wp-elements-65335e4f5486c1c6b4f7baf39e293955\" style=\"border-style:none;border-width:0px;color:#30557a\">Le n\u00b029 est disponible<\/p>\n\n\n\n<div class=\"wp-block-media-text is-stacked-on-mobile\" style=\"grid-template-columns:23% auto\"><figure class=\"wp-block-media-text__media\"><img loading=\"lazy\" decoding=\"async\" width=\"362\" height=\"545\" src=\"https:\/\/travailetapprentissages.fr\/wp-content\/uploads\/2026\/02\/Couverture-n\u00b029-1.png\" alt=\"\" class=\"wp-image-997 size-full\" srcset=\"https:\/\/travailetapprentissages.fr\/wp-content\/uploads\/2026\/02\/Couverture-n\u00b029-1.png 362w, https:\/\/travailetapprentissages.fr\/wp-content\/uploads\/2026\/02\/Couverture-n\u00b029-1-199x300.png 199w\" sizes=\"auto, (max-width: 362px) 100vw, 362px\" \/><\/figure><div class=\"wp-block-media-text__content\">\n<p class=\"has-text-color has-link-color has-system-sans-serif-font-family has-small-font-size wp-elements-febbecf95f1832c171b35aad59d9db38\" style=\"color:#30557a\"><a href=\"https:\/\/travailetapprentissages.fr\/wp-admin\/post.php?post=977&amp;action=edit\" data-type=\"link\" data-id=\"https:\/\/travailetapprentissages.fr\/wp-admin\/post.php?post=977&amp;action=edit\">Varia<\/a><\/p>\n<\/div><\/div>\n\n\n\n<p class=\"has-text-align-left has-text-color has-link-color has-system-sans-serif-font-family has-large-font-size wp-elements-c5c8ceb449eaf7d20177ad85043681df\" style=\"border-style:none;border-width:0px;color:#30557a\">Appel \u00e0 article pour n\u00b0 de Varias<\/p>\n\n\n\n<p class=\"has-text-color has-link-color has-system-sans-serif-font-family wp-elements-b46034ed6ee780fb57bf01acbad7b7be\" style=\"color:#30557a\">La direction de la r\u00e9daction de la revue Travail et Apprentissages lance un appel \u00e0 contribution en vue de la publication d&rsquo;articles varia.<\/p>\n\n\n\n<p class=\"has-text-color has-link-color has-system-sans-serif-font-family wp-elements-c53958ebd29c3858d518ca03bfd1bc81\" style=\"color:#30557a\">La revue accepte des articles de diff\u00e9rentes natures&nbsp;:<\/p>\n\n\n\n<ul class=\"wp-block-list\">\n<li class=\"has-text-color has-link-color has-system-sans-serif-font-family has-small-font-size wp-elements-966edb965c404bf329cd7197b9872a86\" style=\"color:#30557a\">articles pr\u00e9sentant les r\u00e9sultats de recherches empiriques&nbsp;;<\/li>\n\n\n\n<li class=\"has-text-color has-link-color has-system-sans-serif-font-family has-small-font-size wp-elements-03422c16d7661cc133b6243ce8fe2c39\" style=\"color:#30557a\">articles th\u00e9oriques&nbsp;pr\u00e9sentant et\/ou discutant un concept, une approche, un postulat th\u00e9orique, un positionnement \u00e9pist\u00e9mologique ou encore un mod\u00e8le d\u2019analyse&nbsp;;<\/li>\n\n\n\n<li class=\"has-text-color has-link-color has-system-sans-serif-font-family has-small-font-size wp-elements-c85ffde0d0fccb4cabb89f0154ab7d20\" style=\"color:#30557a\">articles m\u00e9thodologiques&nbsp;;<\/li>\n\n\n\n<li class=\"has-text-color has-link-color has-system-sans-serif-font-family has-small-font-size wp-elements-223c22dea87f16f5b175ce1872642dc9\" style=\"color:#30557a\">notes de synth\u00e8se bibliographique ;<\/li>\n\n\n\n<li class=\"has-text-color has-link-color has-system-sans-serif-font-family has-small-font-size wp-elements-fd63efea2823763f53daf89c6aa6e854\" style=\"color:#30557a\">traductions d\u2019articles originaux publi\u00e9s dans une autre revue (\u00e0 condition toutefois que la traduction fran\u00e7aise soit de bonne qualit\u00e9 et sous r\u00e9serve de l\u2019autorisation de publication de l\u2019\u00e9diteur de la version originale).<\/li>\n<\/ul>\n\n\n\n<p class=\"has-text-color has-link-color has-system-sans-serif-font-family has-small-font-size wp-elements-663db2dbe4dfa0682dbac9add778bf00\" style=\"color:#30557a\">Vous trouverez sur ce site de la revue, la ligne \u00e9ditoriale de la revue ainsi que <a href=\"https:\/\/travailetapprentissages.fr\/?page_id=44\">les consignes aux auteurs\/autrices<\/a>.<\/p>\n\n\n\n<p class=\"has-text-align-left has-text-color has-link-color has-system-sans-serif-font-family has-large-font-size wp-elements-c0dfa27bb01c701889349f776426196d\" style=\"border-style:none;border-width:0px;color:#30557a\">Prochains Num\u00e9ros programm\u00e9s<\/p>\n\n\n\n<p class=\"has-text-color has-link-color has-system-sans-serif-font-family has-small-font-size wp-elements-ade866c7eb64aaf53507d2011929369f\" style=\"border-style:none;border-width:0px;color:#30557a\">Num\u00e9ro 30 (Mars 2026) : <strong>Analyser les interactions et les activit\u00e9s collectives : une ressource pour la formation ?<\/strong> (Coordonn\u00e9 par D. Tr\u00e9bert, I. Vinatier, P. Schilling, M.Y. Merry)<\/p>\n\n\n\n<p class=\"has-text-color has-link-color has-system-sans-serif-font-family has-small-font-size wp-elements-54a39684c224dd3fddadaf83e8655cad\" style=\"border-style:none;border-width:0px;color:#30557a\">Num\u00e9ro 31 (Sept. 2026) : <strong>Faire de la didactique professionnelle au service de la formation des professionnels des m\u00e9tiers de l\u2019\u00e9ducation : les d\u00e9fis des interactions et des ajustements<\/strong> (Coordonn\u00e9 par E. Saillot et L. Filliettaz)<\/p>\n\n\n\n<p><\/p>\n","protected":false},"excerpt":{"rendered":"<p>Le n\u00b029 est disponible Varia Appel \u00e0 article pour n\u00b0 de Varias La direction de la r\u00e9daction de la revue Travail et Apprentissages lance un appel \u00e0 contribution en vue de la publication d&rsquo;articles varia. La revue accepte des articles de diff\u00e9rentes natures&nbsp;: Vous trouverez sur ce site de la revue, la ligne \u00e9ditoriale de [&hellip;]<\/p>\n","protected":false},"author":1,"featured_media":0,"parent":0,"menu_order":0,"comment_status":"closed","ping_status":"closed","template":"","meta":{"footnotes":""},"class_list":["post-16","page","type-page","status-publish","hentry"],"_links":{"self":[{"href":"https:\/\/travailetapprentissages.fr\/index.php?rest_route=\/wp\/v2\/pages\/16","targetHints":{"allow":["GET"]}}],"collection":[{"href":"https:\/\/travailetapprentissages.fr\/index.php?rest_route=\/wp\/v2\/pages"}],"about":[{"href":"https:\/\/travailetapprentissages.fr\/index.php?rest_route=\/wp\/v2\/types\/page"}],"author":[{"embeddable":true,"href":"https:\/\/travailetapprentissages.fr\/index.php?rest_route=\/wp\/v2\/users\/1"}],"replies":[{"embeddable":true,"href":"https:\/\/travailetapprentissages.fr\/index.php?rest_route=%2Fwp%2Fv2%2Fcomments&post=16"}],"version-history":[{"count":20,"href":"https:\/\/travailetapprentissages.fr\/index.php?rest_route=\/wp\/v2\/pages\/16\/revisions"}],"predecessor-version":[{"id":998,"href":"https:\/\/travailetapprentissages.fr\/index.php?rest_route=\/wp\/v2\/pages\/16\/revisions\/998"}],"wp:attachment":[{"href":"https:\/\/travailetapprentissages.fr\/index.php?rest_route=%2Fwp%2Fv2%2Fmedia&parent=16"}],"curies":[{"name":"wp","href":"https:\/\/api.w.org\/{rel}","templated":true}]}}