{"id":186,"date":"2024-08-08T15:11:38","date_gmt":"2024-08-08T13:11:38","guid":{"rendered":"https:\/\/travailetapprentissages.fr\/?page_id=186"},"modified":"2024-08-22T15:34:39","modified_gmt":"2024-08-22T13:34:39","slug":"varia","status":"publish","type":"page","link":"https:\/\/travailetapprentissages.fr\/?page_id=186","title":{"rendered":""},"content":{"rendered":"\n<div class=\"wp-block-columns alignwide is-layout-flex wp-container-core-columns-is-layout-28f84493 wp-block-columns-is-layout-flex\">\n<div class=\"wp-block-column is-layout-flow wp-block-column-is-layout-flow\" style=\"flex-basis:33.33%\">\n<figure class=\"wp-block-image alignright size-full is-resized\"><img loading=\"lazy\" decoding=\"async\" width=\"472\" height=\"756\" src=\"https:\/\/travailetapprentissages.fr\/wp-content\/uploads\/2024\/08\/revue-24.png\" alt=\"\" class=\"wp-image-164\" style=\"width:231px;height:auto\" srcset=\"https:\/\/travailetapprentissages.fr\/wp-content\/uploads\/2024\/08\/revue-24.png 472w, https:\/\/travailetapprentissages.fr\/wp-content\/uploads\/2024\/08\/revue-24-187x300.png 187w\" sizes=\"auto, (max-width: 472px) 100vw, 472px\" \/><\/figure>\n<\/div>\n\n\n\n<div class=\"wp-block-column is-layout-flow wp-block-column-is-layout-flow\" style=\"flex-basis:66.66%\">\n<h2 class=\"wp-block-heading\">Varia <\/h2>\n\n\n\n<p><strong>Travail et apprentissages N\u00b024<\/strong><\/p>\n\n\n\n<p>\u00c9ditions Raison et Passions, 2022<\/p>\n\n\n\n<div class=\"wp-block-buttons is-layout-flex wp-block-buttons-is-layout-flex\">\n<div class=\"wp-block-button\"><a class=\"wp-block-button__link wp-element-button\" href=\"https:\/\/www.cairn.info\/revue-travail-et-apprentissages-2022-2.htm\">Acc\u00e9der au num\u00e9ro<\/a><\/div>\n<\/div>\n<\/div>\n<\/div>\n\n\n\n<div style=\"height:40px\" aria-hidden=\"true\" class=\"wp-block-spacer\"><\/div>\n\n\n\n<h2 class=\"wp-block-heading has-text-align-center\">Sommaire<\/h2>\n\n\n\n<hr class=\"wp-block-separator has-text-color has-contrast-color has-alpha-channel-opacity has-contrast-background-color has-background\"\/>\n\n\n\n<p><strong>Le tutorat sur la place de travail en soins infirmiers&nbsp;: du faire interactionnel en acte<\/strong> <em>\u2013<\/em> <em>Marianne Zogmal, Camille Montefusco, Dominique Tr\u00e9bert<\/em><\/p>\n\n\n\n<p><strong>La vid\u00e9oformation pour la conceptualisation de l\u2019action pour la s\u00e9curit\u00e9 en chantier p\u00e9dagogique en for\u00eat<\/strong> <em>\u2013<\/em> <em>H\u00e9l\u00e8ne Veyrac, Am\u00e9lie Lipp<\/em><\/p>\n\n\n\n<p><strong>Le travail avec les tout-petits \u00e0 l\u2019aune d\u2019enjeux socio-politiques. La cat\u00e9gorisation au c\u0153ur de l\u2019activit\u00e9 de travail<\/strong> <em>\u2013<\/em> <em>Anne-Lise. Ulmann, Sophie Odena, C\u00e9lestin Revaillot, Paul Olry, Christine Lagarde<\/em><\/p>\n\n\n\n<p><strong>Simulation clinique et autoconfrontations collectives&nbsp;: outils p\u00e9dagogiques de d\u00e9veloppement des comp\u00e9tences collaboratives interprofessionnelles des \u00e9tudiants en sant\u00e9<\/strong> <em>\u2013<\/em> <em>Myriam Leclaire, Arnaud Choplin<\/em><\/p>\n\n\n\n<p><strong>La reconversion professionnelle volontaire, une forme de bifurcation paradoxale<\/strong> <em>\u2013<\/em> <em>Nicolas Recoule, S\u00e9bastien Chalies<\/em><\/p>\n\n\n\n<div style=\"height:100px\" aria-hidden=\"true\" class=\"wp-block-spacer\"><\/div>\n","protected":false},"excerpt":{"rendered":"<p>Varia Travail et apprentissages N\u00b024 \u00c9ditions Raison et Passions, 2022 Sommaire Le tutorat sur la place de travail en soins infirmiers&nbsp;: du faire interactionnel en acte \u2013 Marianne Zogmal, Camille Montefusco, Dominique Tr\u00e9bert La vid\u00e9oformation pour la conceptualisation de l\u2019action pour la s\u00e9curit\u00e9 en chantier p\u00e9dagogique en for\u00eat \u2013 H\u00e9l\u00e8ne Veyrac, Am\u00e9lie Lipp Le travail [&hellip;]<\/p>\n","protected":false},"author":1,"featured_media":0,"parent":0,"menu_order":0,"comment_status":"closed","ping_status":"closed","template":"","meta":{"footnotes":""},"class_list":["post-186","page","type-page","status-publish","hentry"],"_links":{"self":[{"href":"https:\/\/travailetapprentissages.fr\/index.php?rest_route=\/wp\/v2\/pages\/186","targetHints":{"allow":["GET"]}}],"collection":[{"href":"https:\/\/travailetapprentissages.fr\/index.php?rest_route=\/wp\/v2\/pages"}],"about":[{"href":"https:\/\/travailetapprentissages.fr\/index.php?rest_route=\/wp\/v2\/types\/page"}],"author":[{"embeddable":true,"href":"https:\/\/travailetapprentissages.fr\/index.php?rest_route=\/wp\/v2\/users\/1"}],"replies":[{"embeddable":true,"href":"https:\/\/travailetapprentissages.fr\/index.php?rest_route=%2Fwp%2Fv2%2Fcomments&post=186"}],"version-history":[{"count":22,"href":"https:\/\/travailetapprentissages.fr\/index.php?rest_route=\/wp\/v2\/pages\/186\/revisions"}],"predecessor-version":[{"id":767,"href":"https:\/\/travailetapprentissages.fr\/index.php?rest_route=\/wp\/v2\/pages\/186\/revisions\/767"}],"wp:attachment":[{"href":"https:\/\/travailetapprentissages.fr\/index.php?rest_route=%2Fwp%2Fv2%2Fmedia&parent=186"}],"curies":[{"name":"wp","href":"https:\/\/api.w.org\/{rel}","templated":true}]}}