{"id":39,"date":"2024-08-07T15:15:28","date_gmt":"2024-08-07T13:15:28","guid":{"rendered":"https:\/\/travailetapprentissages.fr\/?page_id=39"},"modified":"2024-10-17T13:43:32","modified_gmt":"2024-10-17T11:43:32","slug":"historique-de-la-revue","status":"publish","type":"page","link":"https:\/\/travailetapprentissages.fr\/?page_id=39","title":{"rendered":"Historique de la revue"},"content":{"rendered":"\n<p class=\"has-text-align-left\">Jusqu\u2019au num\u00e9ro 22 inclus, <em>Travail et Apprentissages<\/em> a \u00e9t\u00e9 \u00e9dit\u00e9e sur papier et diffus\u00e9e par abonnements et vente au num\u00e9ro.<\/p>\n\n\n\n<p class=\"has-text-align-left\">Depuis le num\u00e9ro 23, la revue est exclusivement diffus\u00e9e par la plateforme&nbsp;Cairn.info. Les num\u00e9ros pr\u00e9c\u00e9dents y sont aussi accessibles sous forme num\u00e9rique.<\/p>\n\n\n\n<div style=\"height:100px\" aria-hidden=\"true\" class=\"wp-block-spacer\"><\/div>\n","protected":false},"excerpt":{"rendered":"<p>Jusqu\u2019au num\u00e9ro 22 inclus, Travail et Apprentissages a \u00e9t\u00e9 \u00e9dit\u00e9e sur papier et diffus\u00e9e par abonnements et vente au num\u00e9ro. Depuis le num\u00e9ro 23, la revue est exclusivement diffus\u00e9e par la plateforme&nbsp;Cairn.info. Les num\u00e9ros pr\u00e9c\u00e9dents y sont aussi accessibles sous forme num\u00e9rique.<\/p>\n","protected":false},"author":1,"featured_media":0,"parent":0,"menu_order":0,"comment_status":"closed","ping_status":"closed","template":"","meta":{"footnotes":""},"class_list":["post-39","page","type-page","status-publish","hentry"],"_links":{"self":[{"href":"https:\/\/travailetapprentissages.fr\/index.php?rest_route=\/wp\/v2\/pages\/39","targetHints":{"allow":["GET"]}}],"collection":[{"href":"https:\/\/travailetapprentissages.fr\/index.php?rest_route=\/wp\/v2\/pages"}],"about":[{"href":"https:\/\/travailetapprentissages.fr\/index.php?rest_route=\/wp\/v2\/types\/page"}],"author":[{"embeddable":true,"href":"https:\/\/travailetapprentissages.fr\/index.php?rest_route=\/wp\/v2\/users\/1"}],"replies":[{"embeddable":true,"href":"https:\/\/travailetapprentissages.fr\/index.php?rest_route=%2Fwp%2Fv2%2Fcomments&post=39"}],"version-history":[{"count":8,"href":"https:\/\/travailetapprentissages.fr\/index.php?rest_route=\/wp\/v2\/pages\/39\/revisions"}],"predecessor-version":[{"id":856,"href":"https:\/\/travailetapprentissages.fr\/index.php?rest_route=\/wp\/v2\/pages\/39\/revisions\/856"}],"wp:attachment":[{"href":"https:\/\/travailetapprentissages.fr\/index.php?rest_route=%2Fwp%2Fv2%2Fmedia&parent=39"}],"curies":[{"name":"wp","href":"https:\/\/api.w.org\/{rel}","templated":true}]}}