{"id":40,"date":"2024-08-07T15:15:21","date_gmt":"2024-08-07T13:15:21","guid":{"rendered":"https:\/\/travailetapprentissages.fr\/?page_id=40"},"modified":"2024-08-28T12:19:25","modified_gmt":"2024-08-28T10:19:25","slug":"evaluation","status":"publish","type":"page","link":"https:\/\/travailetapprentissages.fr\/?page_id=40","title":{"rendered":"\u00c9valuation"},"content":{"rendered":"\n<div style=\"height:50px\" aria-hidden=\"true\" class=\"wp-block-spacer\"><\/div>\n\n\n\n<div class=\"wp-block-columns alignwide is-layout-flex wp-container-core-columns-is-layout-87beb0d0 wp-block-columns-is-layout-flex\">\n<div class=\"wp-block-column is-layout-flow wp-block-column-is-layout-flow\">\n<p>Texte \u00e0 venir.<\/p>\n\n\n\n<div style=\"height:100px\" aria-hidden=\"true\" class=\"wp-block-spacer\"><\/div>\n\n\n\n<p class=\"has-text-align-center wp-container-content-9cfa9a5a\" style=\"font-size:0px\">La revue accueillera dans ses pages tout article qui apportera des \u00e9l\u00e9ments visant la compr\u00e9hension de ces processus, quel que soit le champ professionnel concern\u00e9 (des activit\u00e9s artisanales au pilotage d\u2019ensembles industriels complexes, de la gestion de syst\u00e8mes dynamiques \u00e0 celle des relations humaines, de la relation de service au travail enseignant\u2026), et sans exclusive de r\u00e9f\u00e9rences th\u00e9oriques, de m\u00e9thodes d\u2019investigation et d\u2019analyses&nbsp;: psychologie, ergonomie, didactiques, linguistique, sciences de l\u2019\u00e9ducation et de la formation, sociologie, anthropologie, gestion&nbsp;\u2026, dont les recherches qui s\u2019int\u00e9ressent \u00e0 l\u2019analyse de l&rsquo;activit\u00e9 au travail et en formation dans une perspective de formation ou de d\u00e9veloppement des comp\u00e9tences. Elle accepte des articles de diff\u00e9rentes formes sous r\u00e9serve qu\u2019ils soient coh\u00e9rents avec la pr\u00e9sente ligne \u00e9ditoriale&nbsp;:<\/p>\n<\/div>\n<\/div>\n","protected":false},"excerpt":{"rendered":"<p>Texte \u00e0 venir. La revue accueillera dans ses pages tout article qui apportera des \u00e9l\u00e9ments visant la compr\u00e9hension de ces processus, quel que soit le champ professionnel concern\u00e9 (des activit\u00e9s artisanales au pilotage d\u2019ensembles industriels complexes, de la gestion de syst\u00e8mes dynamiques \u00e0 celle des relations humaines, de la relation de service au travail enseignant\u2026), [&hellip;]<\/p>\n","protected":false},"author":1,"featured_media":0,"parent":0,"menu_order":0,"comment_status":"closed","ping_status":"closed","template":"","meta":{"footnotes":""},"class_list":["post-40","page","type-page","status-publish","hentry"],"_links":{"self":[{"href":"https:\/\/travailetapprentissages.fr\/index.php?rest_route=\/wp\/v2\/pages\/40","targetHints":{"allow":["GET"]}}],"collection":[{"href":"https:\/\/travailetapprentissages.fr\/index.php?rest_route=\/wp\/v2\/pages"}],"about":[{"href":"https:\/\/travailetapprentissages.fr\/index.php?rest_route=\/wp\/v2\/types\/page"}],"author":[{"embeddable":true,"href":"https:\/\/travailetapprentissages.fr\/index.php?rest_route=\/wp\/v2\/users\/1"}],"replies":[{"embeddable":true,"href":"https:\/\/travailetapprentissages.fr\/index.php?rest_route=%2Fwp%2Fv2%2Fcomments&post=40"}],"version-history":[{"count":3,"href":"https:\/\/travailetapprentissages.fr\/index.php?rest_route=\/wp\/v2\/pages\/40\/revisions"}],"predecessor-version":[{"id":824,"href":"https:\/\/travailetapprentissages.fr\/index.php?rest_route=\/wp\/v2\/pages\/40\/revisions\/824"}],"wp:attachment":[{"href":"https:\/\/travailetapprentissages.fr\/index.php?rest_route=%2Fwp%2Fv2%2Fmedia&parent=40"}],"curies":[{"name":"wp","href":"https:\/\/api.w.org\/{rel}","templated":true}]}}