{"id":419,"date":"2024-08-09T13:36:53","date_gmt":"2024-08-09T11:36:53","guid":{"rendered":"https:\/\/travailetapprentissages.fr\/?page_id=419"},"modified":"2024-08-22T15:49:21","modified_gmt":"2024-08-22T13:49:21","slug":"419-2","status":"publish","type":"page","link":"https:\/\/travailetapprentissages.fr\/?page_id=419","title":{"rendered":""},"content":{"rendered":"\n<div class=\"wp-block-columns alignwide is-layout-flex wp-container-core-columns-is-layout-28f84493 wp-block-columns-is-layout-flex\">\n<div class=\"wp-block-column is-layout-flow wp-block-column-is-layout-flow\" style=\"flex-basis:33.33%\">\n<figure class=\"wp-block-image alignright size-full is-resized\"><img loading=\"lazy\" decoding=\"async\" width=\"753\" height=\"1128\" src=\"https:\/\/travailetapprentissages.fr\/wp-content\/uploads\/2024\/08\/scan-couv-4-1.jpg\" alt=\"\" class=\"wp-image-470\" style=\"width:247px;height:auto\" srcset=\"https:\/\/travailetapprentissages.fr\/wp-content\/uploads\/2024\/08\/scan-couv-4-1.jpg 753w, https:\/\/travailetapprentissages.fr\/wp-content\/uploads\/2024\/08\/scan-couv-4-1-200x300.jpg 200w, https:\/\/travailetapprentissages.fr\/wp-content\/uploads\/2024\/08\/scan-couv-4-1-684x1024.jpg 684w\" sizes=\"auto, (max-width: 753px) 100vw, 753px\" \/><\/figure>\n<\/div>\n\n\n\n<div class=\"wp-block-column is-layout-flow wp-block-column-is-layout-flow\" style=\"flex-basis:66.66%\">\n<h2 class=\"wp-block-heading\">Varia <\/h2>\n\n\n\n<p><strong>Travail et apprentissages N\u00b04<\/strong><\/p>\n\n\n\n<p>\u00c9ditions Raison et Passions, 2009<\/p>\n\n\n\n<div class=\"wp-block-buttons is-layout-flex wp-block-buttons-is-layout-flex\">\n<div class=\"wp-block-button\"><a class=\"wp-block-button__link wp-element-button\" href=\"https:\/\/www.cairn.info\/revue-travail-et-apprentissages-2009-2.htm\">Acc\u00e9der au num\u00e9ro<\/a><\/div>\n<\/div>\n<\/div>\n<\/div>\n\n\n\n<div style=\"height:40px\" aria-hidden=\"true\" class=\"wp-block-spacer\"><\/div>\n\n\n\n<h2 class=\"wp-block-heading has-text-align-center\">Sommaire<\/h2>\n\n\n\n<hr class=\"wp-block-separator has-alpha-channel-opacity\"\/>\n\n\n\n<p><strong>Deux cruelles disparitions<\/strong> <em>\u2013&nbsp;Le Comit\u00e9 \u00e9ditorial<\/em><\/p>\n\n\n\n<p><strong>Professionnalisation et apprentissage \u00e0 l\u2019aide d\u2019un simulateur dans un environnement dynamique li\u00e9 au vivant.<\/strong> <strong>\u00ab&nbsp;Apprendre \u00e0 mettre en place une culture de colza&nbsp;\u00bb<\/strong> <em>\u2013&nbsp;<\/em>Andr\u00e9 Jaunereau<\/p>\n\n\n\n<p><strong>Les formes de didactisation des instruments de travail en formation professionnelle initiale&nbsp;: une approche comparatiste<\/strong> <em>\u2013&nbsp;Laurent Filliettaz<\/em><\/p>\n\n\n\n<p><strong>Des agents de nettoyage des \u00e9coles confront\u00e9s \u00e0 la didactique professionnelle<\/strong> <em>\u2013&nbsp;Bernard Genest<\/em><\/p>\n\n\n\n<p><strong>D\u00e9briefing&nbsp;et probl\u00e9matisation des pratiques enseignantes<\/strong> <em>\u2013&nbsp;Bruno Lebouvier<\/em><\/p>\n\n\n\n<p><strong>Performance et conceptualisation&nbsp;: quelle place dans l\u2019\u00e9valuation des comp\u00e9tences professionnelles ?<\/strong> <em>\u2013&nbsp;Florent Chenu<\/em><\/p>\n\n\n\n<div style=\"height:100px\" aria-hidden=\"true\" class=\"wp-block-spacer\"><\/div>\n","protected":false},"excerpt":{"rendered":"<p>Varia Travail et apprentissages N\u00b04 \u00c9ditions Raison et Passions, 2009 Sommaire Deux cruelles disparitions \u2013&nbsp;Le Comit\u00e9 \u00e9ditorial Professionnalisation et apprentissage \u00e0 l\u2019aide d\u2019un simulateur dans un environnement dynamique li\u00e9 au vivant. \u00ab&nbsp;Apprendre \u00e0 mettre en place une culture de colza&nbsp;\u00bb \u2013&nbsp;Andr\u00e9 Jaunereau Les formes de didactisation des instruments de travail en formation professionnelle initiale&nbsp;: une [&hellip;]<\/p>\n","protected":false},"author":1,"featured_media":0,"parent":0,"menu_order":0,"comment_status":"closed","ping_status":"closed","template":"","meta":{"footnotes":""},"class_list":["post-419","page","type-page","status-publish","hentry"],"_links":{"self":[{"href":"https:\/\/travailetapprentissages.fr\/index.php?rest_route=\/wp\/v2\/pages\/419","targetHints":{"allow":["GET"]}}],"collection":[{"href":"https:\/\/travailetapprentissages.fr\/index.php?rest_route=\/wp\/v2\/pages"}],"about":[{"href":"https:\/\/travailetapprentissages.fr\/index.php?rest_route=\/wp\/v2\/types\/page"}],"author":[{"embeddable":true,"href":"https:\/\/travailetapprentissages.fr\/index.php?rest_route=\/wp\/v2\/users\/1"}],"replies":[{"embeddable":true,"href":"https:\/\/travailetapprentissages.fr\/index.php?rest_route=%2Fwp%2Fv2%2Fcomments&post=419"}],"version-history":[{"count":6,"href":"https:\/\/travailetapprentissages.fr\/index.php?rest_route=\/wp\/v2\/pages\/419\/revisions"}],"predecessor-version":[{"id":787,"href":"https:\/\/travailetapprentissages.fr\/index.php?rest_route=\/wp\/v2\/pages\/419\/revisions\/787"}],"wp:attachment":[{"href":"https:\/\/travailetapprentissages.fr\/index.php?rest_route=%2Fwp%2Fv2%2Fmedia&parent=419"}],"curies":[{"name":"wp","href":"https:\/\/api.w.org\/{rel}","templated":true}]}}