{"id":44,"date":"2024-08-07T15:15:03","date_gmt":"2024-08-07T13:15:03","guid":{"rendered":"https:\/\/travailetapprentissages.fr\/?page_id=44"},"modified":"2026-02-26T12:41:50","modified_gmt":"2026-02-26T11:41:50","slug":"consignes-aux-auteurs","status":"publish","type":"page","link":"https:\/\/travailetapprentissages.fr\/?page_id=44","title":{"rendered":"Consignes aux auteurs"},"content":{"rendered":"\n<div style=\"height:50px\" aria-hidden=\"true\" class=\"wp-block-spacer\"><\/div>\n\n\n\n<h2 class=\"wp-block-heading alignwide has-text-align-left\">Recommandations aux auteurs<\/h2>\n\n\n\n<hr class=\"wp-block-separator alignwide has-alpha-channel-opacity\"\/>\n\n\n\n<div class=\"wp-block-columns alignwide is-layout-flex wp-container-core-columns-is-layout-87beb0d0 wp-block-columns-is-layout-flex\">\n<div class=\"wp-block-column is-layout-flow wp-block-column-is-layout-flow\">\n<p><strong>Avant de soumettre un texte \u00e0 la revue <em>Travail et Apprentissages<\/em>, nous conseillons aux auteurs de prendre connaissance de ce qui suit.<\/strong><\/p>\n\n\n\n<p>Les articles soumis dans le cadre d\u2019un appel \u00e0 textes pour un num\u00e9ro th\u00e9matique, ceux soumis dans une rubrique <em>Varia<\/em> int\u00e9gr\u00e9e \u00e0 un num\u00e9ro th\u00e9matique ou \u00e0 un num\u00e9ro <em>Varia<\/em> sp\u00e9cifique et tout autre proposition visant l\u2019alimentation d\u2019une autre rubrique propos\u00e9e par la revue&nbsp;(commentaires d\u2019ouvrage, compte-rendu de lecture ou recension d\u2019ouvrages, pr\u00e9sentation de th\u00e8ses\u2026.) sont \u00e0 envoyer \u00e0 l\u2019adresse mail suivante&nbsp;:<\/p>\n\n\n\n<p class=\"has-text-align-center\"><a href=\"mailto:travail.et.apprentissages.revue@gmail.com\"><strong>travail.et.apprentissages.revue@gmail.com<\/strong><\/a><\/p>\n\n\n\n<p>Vous pouvez contacter la direction de la r\u00e9daction \u00e0 cette m\u00eame adresse pour toute demande d\u2019information.<\/p>\n\n\n\n<p class=\"has-text-align-left\">Les auteurs s\u2019engagent \u00e0 ne pas pr\u00e9senter un texte qui aurait \u00e9t\u00e9 publi\u00e9 ou soumis par ailleurs et \u00e0 ne pas publier, dans une autre revue, un article dont la publication serait accept\u00e9e par le comit\u00e9 de r\u00e9daction. Toutefois, les auteurs peuvent proposer la traduction d\u2019un texte qui aurait d\u00e9j\u00e0 fait l\u2019objet d\u2019une publication dans une autre langue. Ils mentionneront alors l\u2019origine de cette publication et se seront assur\u00e9s de la possibilit\u00e9 de cette publication sous ce format aupr\u00e8s de la revue initialement \u00e9ditrice&nbsp;; ils transmettront \u00e0 <em>Travail et Apprentissages<\/em> une confirmation de cette autorisation.<\/p>\n\n\n\n<p class=\"has-text-align-center wp-container-content-9cfa9a5a\" style=\"font-size:0px\">La revue accueillera dans ses pages tout article qui apportera des \u00e9l\u00e9ments visant la compr\u00e9hension de ces processus, quel que soit le champ professionnel concern\u00e9 (des activit\u00e9s artisanales au pilotage d\u2019ensembles industriels complexes, de la gestion de syst\u00e8mes dynamiques \u00e0 celle des relations humaines, de la relation de service au travail enseignant\u2026), et sans exclusive de r\u00e9f\u00e9rences th\u00e9oriques, de m\u00e9thodes d\u2019investigation et d\u2019analyses&nbsp;: psychologie, ergonomie, didactiques, linguistique, sciences de l\u2019\u00e9ducation et de la formation, sociologie, anthropologie, gestion&nbsp;\u2026, dont les recherches qui s\u2019int\u00e9ressent \u00e0 l\u2019analyse de l&rsquo;activit\u00e9 au travail et en formation dans une perspective de formation ou de d\u00e9veloppement des comp\u00e9tences. Elle accepte des articles de diff\u00e9rentes formes sous r\u00e9serve qu\u2019ils soient coh\u00e9rents avec la pr\u00e9sente ligne \u00e9ditoriale&nbsp;:<\/p>\n<\/div>\n<\/div>\n\n\n\n<h2 class=\"wp-block-heading alignwide\">Processus de publication<\/h2>\n\n\n\n<hr class=\"wp-block-separator alignwide has-alpha-channel-opacity\"\/>\n\n\n\n<div class=\"wp-block-columns alignwide is-layout-flex wp-container-core-columns-is-layout-87beb0d0 wp-block-columns-is-layout-flex\">\n<div class=\"wp-block-column is-layout-flow wp-block-column-is-layout-flow\">\n<p>Le texte est soumis en deux exemplaires : une version compl\u00e8te et une version anonym\u00e9e. Pour assurer pleinement l\u2019anonymat des expertises, les r\u00e9f\u00e9rences directes ou indirectes aux auteurs doivent \u00eatre masqu\u00e9es dans le texte (bibliographie comprise)&nbsp;; de m\u00eame, le texte doit \u00eatre toilett\u00e9 de toute trace de \u00ab&nbsp;mode r\u00e9vision&nbsp;\u00bb. En ce sens \u00e9galement, une attention sera port\u00e9e aux m\u00e9tadonn\u00e9es du fichier (v\u00e9rifier les personnes mentionn\u00e9es dans les \u00ab&nbsp;informations&nbsp;\u00bb ou \u00ab&nbsp;propri\u00e9t\u00e9s&nbsp;\u00bb du fichier). Tout texte propos\u00e9 est soumis \u00e0 une premi\u00e8re v\u00e9rification de l\u2019ad\u00e9quation avec la ligne \u00e9ditoriale, par la direction de la r\u00e9daction, ainsi qu\u2019une v\u00e9rification du respect des consignes de pr\u00e9sentation et de la qualit\u00e9 r\u00e9dactionnelle et scientifique. Dans le cadre de dossiers th\u00e9matiques, cette deuxi\u00e8me v\u00e9rification est effectu\u00e9e par le coordonnateur du dossier. Dans le cas d\u2019acceptation du texte, \u00e0 cette \u00e9tape, le ou les auteurs sont invit\u00e9s \u00e0 fournir le formulaire de soumission. La version anonym\u00e9e des textes retenus est alors soumise \u00e0 une double expertise en aveugle sur la base du choix de relecteurs propos\u00e9s par le comit\u00e9 de r\u00e9daction.<a id=\"_msocom_1\"><\/a><\/p>\n\n\n\n<p class=\"has-text-align-left\">Les deux relecteurs proc\u00e8dent \u00e0 l\u2019expertise suivant le guide d\u2019\u00e9valuation \u00e9tabli par la revue et leur rapport est pr\u00e9sent\u00e9 au comit\u00e9 de r\u00e9daction&nbsp;; en cas de d\u00e9saccord entre les deux relecteurs, une troisi\u00e8me expertise est sollicit\u00e9e. Le comit\u00e9 de r\u00e9daction assoit la d\u00e9cision que la direction de la r\u00e9daction transmet \u00e0 l\u2019auteur.<\/p>\n\n\n\n<p><strong>4 cas sont envisag\u00e9s&nbsp;:<\/strong><\/p>\n\n\n\n<ul class=\"wp-block-list\">\n<li>Non publiable par la revue <em>Travail et Apprentissages<\/em> (le niveau ne correspond pas \u00e0 celui attendu par la revue\/le sujet est trop \u00e9loign\u00e9 de la revue)<\/li>\n<\/ul>\n\n\n\n<ul class=\"wp-block-list\">\n<li>Publiable en l\u2019\u00e9tat (modifications de forme \u00e9ventuellement)&nbsp;: article accept\u00e9<\/li>\n<\/ul>\n\n\n\n<ul class=\"wp-block-list\">\n<li>Publiable avec demandes de modifications mineures (possible retour aux relecteurs)<\/li>\n<\/ul>\n\n\n\n<ul class=\"wp-block-list\">\n<li>Publiable sous r\u00e9serve de modifications majeures soumises de nouveau au processus d\u2019\u00e9valuation (retour au comit\u00e9 de r\u00e9daction et aux relecteurs)<\/li>\n<\/ul>\n\n\n\n<p class=\"has-text-align-center wp-container-content-9cfa9a5a\" style=\"font-size:0px\">La revue accueillera dans ses pages tout article qui apportera des \u00e9l\u00e9ments visant la compr\u00e9hension de ces processus, quel que soit le champ professionnel concern\u00e9 (des activit\u00e9s artisanales au pilotage d\u2019ensembles industriels complexes, de la gestion de syst\u00e8mes dynamiques \u00e0 celle des relations humaines, de la relation de service au travail enseignant\u2026), et sans exclusive de r\u00e9f\u00e9rences th\u00e9oriques, de m\u00e9thodes d\u2019investigation et d\u2019analyses&nbsp;: psychologie, ergonomie, didactiques, linguistique, sciences de l\u2019\u00e9ducation et de la formation, sociologie, anthropologie, gestion&nbsp;\u2026, dont les recherches qui s\u2019int\u00e9ressent \u00e0 l\u2019analyse de l&rsquo;activit\u00e9 au travail et en formation dans une perspective de formation ou de d\u00e9veloppement des comp\u00e9tences. Elle accepte des articles de diff\u00e9rentes formes sous r\u00e9serve qu\u2019ils soient coh\u00e9rents avec la pr\u00e9sente ligne \u00e9ditoriale&nbsp;:<\/p>\n<\/div>\n<\/div>\n\n\n\n<h2 class=\"wp-block-heading alignwide\">Conditions \u00e9ditoriales<\/h2>\n\n\n\n<hr class=\"wp-block-separator alignwide has-alpha-channel-opacity\"\/>\n\n\n\n<div class=\"wp-block-columns alignwide is-layout-flex wp-container-core-columns-is-layout-87beb0d0 wp-block-columns-is-layout-flex\">\n<div class=\"wp-block-column is-layout-flow wp-block-column-is-layout-flow\">\n<p>Les articles ne donnent pas lieu \u00e0 un contrat d\u2019\u00e9dition. D\u00e8s que le texte est propos\u00e9 et accept\u00e9 par le Comit\u00e9 de r\u00e9daction de la revue, l\u2019auteur c\u00e8de ses droits d\u2019\u00e9dition \u00e0 l\u2019\u00e9diteur et il en garde la propri\u00e9t\u00e9 intellectuelle.<\/p>\n\n\n\n<p class=\"has-text-align-center wp-container-content-9cfa9a5a\" style=\"font-size:0px\">La revue accueillera dans ses pages tout article qui apportera des \u00e9l\u00e9ments visant la compr\u00e9hension de ces processus, quel que soit le champ professionnel concern\u00e9 (des activit\u00e9s artisanales au pilotage d\u2019ensembles industriels complexes, de la gestion de syst\u00e8mes dynamiques \u00e0 celle des relations humaines, de la relation de service au travail enseignant\u2026), et sans exclusive de r\u00e9f\u00e9rences th\u00e9oriques, de m\u00e9thodes d\u2019investigation et d\u2019analyses&nbsp;: psychologie, ergonomie, didactiques, linguistique, sciences de l\u2019\u00e9ducation et de la formation, sociologie, anthropologie, gestion&nbsp;\u2026, dont les recherches qui s\u2019int\u00e9ressent \u00e0 l\u2019analyse de l&rsquo;activit\u00e9 au travail et en formation dans une perspective de formation ou de d\u00e9veloppement des comp\u00e9tences. Elle accepte des articles de diff\u00e9rentes formes sous r\u00e9serve qu\u2019ils soient coh\u00e9rents avec la pr\u00e9sente ligne \u00e9ditoriale&nbsp;:<\/p>\n<\/div>\n<\/div>\n\n\n\n<h2 class=\"wp-block-heading alignwide\">R\u00e8gles de pr\u00e9sentation du texte<\/h2>\n\n\n\n<hr class=\"wp-block-separator alignwide has-alpha-channel-opacity\"\/>\n\n\n\n<div class=\"wp-block-columns alignwide is-layout-flex wp-container-core-columns-is-layout-87beb0d0 wp-block-columns-is-layout-flex\">\n<div class=\"wp-block-column is-layout-flow wp-block-column-is-layout-flow\">\n<div style=\"height:15px\" aria-hidden=\"true\" class=\"wp-block-spacer\"><\/div>\n\n\n\n<h4 class=\"wp-block-heading\"><strong>Normes g\u00e9n\u00e9rales<\/strong><\/h4>\n\n\n\n<p>Aucun document papier ne sera trait\u00e9 par la revue <em>Travail et Apprentissages. <\/em>Les textes sont d\u00e9livr\u00e9s en version Microsoft Word ou OpenOffice (le fichier PDF n\u2019est pas utile) et doivent respecter les indications de style de la revue <em>Travail et Apprentissages<\/em> pr\u00e9sent\u00e9 ci-apr\u00e8s.<\/p>\n\n\n\n<p>La longueur du texte ne doit pas exc\u00e9der 45 000 caract\u00e8res espaces et bibliographie comprises en excluant le titre, le r\u00e9sum\u00e9 et les mots-cl\u00e9s.<\/p>\n\n\n\n<p>Le r\u00e9sum\u00e9 ne doit pas d\u00e9passer 800 caract\u00e8res espaces comprises.<\/p>\n\n\n\n<p>Cinq mots-cl\u00e9s embl\u00e9matiques de l\u2019objet de l\u2019article et de l\u2019argumentaire d\u00e9velopp\u00e9 sont propos\u00e9s.<\/p>\n\n\n\n<p>Les titre, r\u00e9sum\u00e9 et mots-cl\u00e9s sont traduits en anglais en veillant \u00e0 la qualit\u00e9 de la traduction.<\/p>\n\n\n\n<p>L\u2019\u00e9criture inclusive n\u2019est pas pr\u00e9conis\u00e9e, du fait de la lourdeur qu\u2019elle impose \u00e0 la lecture, aussi est-il conseill\u00e9 de privil\u00e9gier les formes neutres ou diversifi\u00e9es.<\/p>\n\n\n\n<p>La police de caract\u00e8re \u00e0 utiliser est Times New Roman (taille 12).<\/p>\n\n\n\n<p>Les notes, dont l\u2019usage doit \u00eatre mod\u00e9r\u00e9, doivent \u00eatre mises en bas de page avec une indexation num\u00e9rique.<\/p>\n\n\n\n<div style=\"height:15px\" aria-hidden=\"true\" class=\"wp-block-spacer\"><\/div>\n\n\n\n<h4 class=\"wp-block-heading\"><strong>Hi\u00e9rarchisation des titres<\/strong><\/h4>\n\n\n\n<p>Trois niveaux de titres et sous-titres maximum sont autoris\u00e9s suivant la num\u00e9rotation suivante&nbsp;:<\/p>\n\n\n\n<p>1. <\/p>\n\n\n\n<p>1.1<\/p>\n\n\n\n<p>1.1.1.<\/p>\n\n\n\n<div style=\"height:15px\" aria-hidden=\"true\" class=\"wp-block-spacer\"><\/div>\n\n\n\n<h4 class=\"wp-block-heading\"><strong>Pr\u00e9sentation des images, sch\u00e9mas, figures et tableaux<\/strong><\/h4>\n\n\n\n<p>Les images, sch\u00e9mas, figures et tableaux doivent \u00eatre fournis sans titre en format JPEG, PNG ou PDF en fichiers s\u00e9par\u00e9s. Ils sont par ailleurs ins\u00e9r\u00e9s dans le texte \u00e0 la place qui leur est d\u00e9di\u00e9e. Il ne doivent alors pas \u00eatre d\u00e9solidaris\u00e9s de leur titre situ\u00e9 au-dessus et si besoin de leur l\u00e9gende et r\u00e9f\u00e9rence, situ\u00e9es en dessous.<\/p>\n\n\n\n<h5 class=\"wp-block-heading\"><strong>Images<\/strong><\/h5>\n\n\n\n<p>Si le texte comporte des images, elles doivent \u00eatre fournies sous format JPEG ou PNG avec une d\u00e9finition de <em>300 dpi<\/em>. La taille des images ne doit pas d\u00e9passer <em>12 \u00d7 22 cm.<\/em><\/p>\n\n\n\n<h5 class=\"wp-block-heading\"><strong>Sch\u00e9mas, figures et tableaux<\/strong><\/h5>\n\n\n\n<p>L\u2019usage des tableaux, figures et sch\u00e9mas est limit\u00e9 \u00e0 un par article et par cat\u00e9gorie.<\/p>\n\n\n\n<p>Les sch\u00e9mas, figures et tableaux ne doivent pas d\u00e9passer <em>12 \u00d7 22 cm<\/em>. Ils seront pr\u00e9sent\u00e9s en mode portrait. Merci aussi, pour les tableaux, de limiter le nombre et la largeur des colonnes pour que les tableaux puissent \u00eatre pr\u00e9sent\u00e9s de mani\u00e8re lisible sur un format A4.<\/p>\n\n\n\n<p>L\u2019\u00e9quipe \u00e9ditoriale de la revue se r\u00e9serve le droit de supprimer tout tableau, tout sch\u00e9ma ou toute figure jug\u00e9e illisible, ou trop volumineuse et susceptible de nuire \u00e0 la compr\u00e9hension de l\u2019argumentaire.<\/p>\n\n\n\n<div style=\"height:15px\" aria-hidden=\"true\" class=\"wp-block-spacer\"><\/div>\n\n\n\n<h4 class=\"wp-block-heading\"><strong>\u00c9criture des nombres<\/strong><\/h4>\n\n\n\n<p>Les nombres de 0 \u00e0 10 (inclus) sont toujours \u00e9crits en lettres, que ces nombres soient au d\u00e9but ou \u00e0 l\u2019int\u00e9rieur d\u2019une phrase.<\/p>\n\n\n\n<p>\u00c0 partir de 11, les nombres sont \u00e9crits en chiffres dans les phrases ; s\u2019ils sont au d\u00e9but d\u2019une phrase, ils sont \u00e9crits en lettres.<\/p>\n\n\n\n<p>S\u2019il y a une \u00e9num\u00e9ration de plusieurs cat\u00e9gories \u00e9voquant des nombres diff\u00e9rents dans une m\u00eame phrase, tous les nombres sont \u00e9crits en chiffres.<\/p>\n\n\n\n<p>Les nombres inf\u00e9rieurs \u00e0 z\u00e9ro, les fractions, les rapports et les pourcentages s\u2019\u00e9crivent toujours en chiffres.<\/p>\n\n\n\n<div style=\"height:15px\" aria-hidden=\"true\" class=\"wp-block-spacer\"><\/div>\n\n\n\n<h4 class=\"wp-block-heading\"><strong>Format d\u2019\u00e9criture<\/strong><\/h4>\n\n\n\n<p>Le <em>caract\u00e8re italique<\/em> peut \u00eatre utilis\u00e9 uniquement pour les mots \u00e9trangers, termes latins et grecs et les titres d\u2019ouvrages si ces titres sont r\u00e9f\u00e9renc\u00e9s dans le corps du texte.<\/p>\n\n\n\n<p>Le<strong> caract\u00e8re gras <\/strong>n\u2019est utilis\u00e9 que pour les titres et les sous-titres.<\/p>\n\n\n\n<div style=\"height:15px\" aria-hidden=\"true\" class=\"wp-block-spacer\"><\/div>\n\n\n\n<h4 class=\"wp-block-heading\"><strong>Conventions typographiques<\/strong><\/h4>\n\n\n\n<p>Ne pas mettre de points entre les lettres d\u2019un sigle (Exemple : \u00ab CNRS \u00bb et non pas&nbsp;\u00ab C.N.R.S.\u00bb).<\/p>\n\n\n\n<p>L\u2019emploi mod\u00e9r\u00e9 des majuscules est pr\u00e9conis\u00e9.<\/p>\n\n\n\n<p>L\u2019emploi mod\u00e9r\u00e9 des tirets, parenth\u00e8ses et abr\u00e9viations est \u00e9galement attendu.<\/p>\n\n\n\n<p>Les guillemets fran\u00e7ais \u00ab \u00bb et non pas les guillemets anglo-saxons \u201c \u201d sont utilis\u00e9s (utiliser les guillemets anglo-saxons uniquement pour une citation \u00e0 l\u2019int\u00e9rieur d\u2019une premi\u00e8re citation).<\/p>\n\n\n\n<p>Les concepts, notions ou autres termes sp\u00e9cifiques sont mises en valeur \u00e0 l\u2019aide des guillemets fran\u00e7ais (et non des italiques).<\/p>\n\n\n\n<p>Les citations extraites du mat\u00e9riel empirique figurent entre guillemets fran\u00e7ais \u00ab&nbsp;\u00bb et en <em>caract\u00e8re italique<\/em>. La r\u00e9f\u00e9rence de la citation est indiqu\u00e9e \u00e0 la suite, en caract\u00e8re normal, entre parenth\u00e8se.<\/p>\n\n\n\n<div style=\"height:15px\" aria-hidden=\"true\" class=\"wp-block-spacer\"><\/div>\n\n\n\n<h4 class=\"wp-block-heading\"><strong>Bibliographie<\/strong><\/h4>\n\n\n\n<p>Les r\u00e9f\u00e9rences doivent respecter les normes APA 7<sup>e<\/sup> \u00e9dition (version francophone sans esperluette). Il est possible de se r\u00e9f\u00e9rer au document suivant :<\/p>\n\n\n\n<div class=\"wp-block-buttons is-content-justification-center is-layout-flex wp-container-core-buttons-is-layout-a89b3969 wp-block-buttons-is-layout-flex\">\n<div class=\"wp-block-button\"><a class=\"wp-block-button__link has-contrast-color has-text-color has-background has-link-color has-border-color has-base-2-border-color wp-element-button\" href=\"http:\/\/profmcouture.ca\/apa\/normes_apa_francais.pdf\" style=\"border-style:solid;border-width:2px;background-color:#5392aeb3\">Une adaptation fran\u00e7aise des normes bibliographiques de l&rsquo;American Pschycological Association (APA) \u2013 7<sup>e<\/sup><strong> <\/strong>\u00e9dition<\/a><\/div>\n<\/div>\n\n\n\n<p>Pour la bibliographie ins\u00e9r\u00e9e dans le texte, il est demand\u00e9 imp\u00e9rativement qu\u2019elle ne soit pas articul\u00e9e ou li\u00e9e \u00e0 la biblioth\u00e8que num\u00e9rique de l\u2019auteur.<\/p>\n\n\n\n<p>Une v\u00e9rification de la correspondance entre les r\u00e9f\u00e9rences mentionn\u00e9es dans le corps du texte et celles mentionn\u00e9es en bibliographie est attendue. <\/p>\n\n\n\n<p>L\u2019auteur veille \u00e0 faire figurer un volume raisonnable de r\u00e9f\u00e9rences qui n\u2019exc\u00e8de pas 20 % environ du volume du texte lui-m\u00eame.<\/p>\n\n\n\n<p class=\"has-text-align-center wp-container-content-9cfa9a5a\" style=\"font-size:0px\">La revue accueillera dans ses pages tout article qui apportera des \u00e9l\u00e9ments visant la compr\u00e9hension de ces processus, quel que soit le champ professionnel concern\u00e9 (des activit\u00e9s artisanales au pilotage d\u2019ensembles industriels complexes, de la gestion de syst\u00e8mes dynamiques \u00e0 celle des relations humaines, de la relation de service au travail enseignant\u2026), et sans exclusive de r\u00e9f\u00e9rences th\u00e9oriques, de m\u00e9thodes d\u2019investigation et d\u2019analyses&nbsp;: psychologie, ergonomie, didactiques, linguistique, sciences de l\u2019\u00e9ducation et de la formation, sociologie, anthropologie, gestion&nbsp;\u2026, dont les recherches qui s\u2019int\u00e9ressent \u00e0 l\u2019analyse de l&rsquo;activit\u00e9 au travail et en formation dans une perspective de formation ou de d\u00e9veloppement des comp\u00e9tences. Elle accepte des articles de diff\u00e9rentes formes sous r\u00e9serve qu\u2019ils soient coh\u00e9rents avec la pr\u00e9sente ligne \u00e9ditoriale&nbsp;:<\/p>\n<\/div>\n<\/div>\n\n\n\n<div style=\"height:37px\" aria-hidden=\"true\" class=\"wp-block-spacer\"><\/div>\n\n\n\n<p><\/p>\n","protected":false},"excerpt":{"rendered":"<p>Recommandations aux auteurs Avant de soumettre un texte \u00e0 la revue Travail et Apprentissages, nous conseillons aux auteurs de prendre connaissance de ce qui suit. Les articles soumis dans le cadre d\u2019un appel \u00e0 textes pour un num\u00e9ro th\u00e9matique, ceux soumis dans une rubrique Varia int\u00e9gr\u00e9e \u00e0 un num\u00e9ro th\u00e9matique ou \u00e0 un num\u00e9ro Varia [&hellip;]<\/p>\n","protected":false},"author":1,"featured_media":0,"parent":0,"menu_order":0,"comment_status":"closed","ping_status":"closed","template":"","meta":{"footnotes":""},"class_list":["post-44","page","type-page","status-publish","hentry"],"_links":{"self":[{"href":"https:\/\/travailetapprentissages.fr\/index.php?rest_route=\/wp\/v2\/pages\/44","targetHints":{"allow":["GET"]}}],"collection":[{"href":"https:\/\/travailetapprentissages.fr\/index.php?rest_route=\/wp\/v2\/pages"}],"about":[{"href":"https:\/\/travailetapprentissages.fr\/index.php?rest_route=\/wp\/v2\/types\/page"}],"author":[{"embeddable":true,"href":"https:\/\/travailetapprentissages.fr\/index.php?rest_route=\/wp\/v2\/users\/1"}],"replies":[{"embeddable":true,"href":"https:\/\/travailetapprentissages.fr\/index.php?rest_route=%2Fwp%2Fv2%2Fcomments&post=44"}],"version-history":[{"count":31,"href":"https:\/\/travailetapprentissages.fr\/index.php?rest_route=\/wp\/v2\/pages\/44\/revisions"}],"predecessor-version":[{"id":999,"href":"https:\/\/travailetapprentissages.fr\/index.php?rest_route=\/wp\/v2\/pages\/44\/revisions\/999"}],"wp:attachment":[{"href":"https:\/\/travailetapprentissages.fr\/index.php?rest_route=%2Fwp%2Fv2%2Fmedia&parent=44"}],"curies":[{"name":"wp","href":"https:\/\/api.w.org\/{rel}","templated":true}]}}