{"id":8,"date":"2024-08-07T14:46:35","date_gmt":"2024-08-07T12:46:35","guid":{"rendered":"https:\/\/travailetapprentissages.fr\/?page_id=8"},"modified":"2024-08-22T16:00:19","modified_gmt":"2024-08-22T14:00:19","slug":"la-revue","status":"publish","type":"page","link":"https:\/\/travailetapprentissages.fr\/?page_id=8","title":{"rendered":"La revue"},"content":{"rendered":"\n<div class=\"wp-block-group alignwide has-accent-5-background-color has-background has-global-padding is-layout-constrained wp-container-core-group-is-layout-669513ed wp-block-group-is-layout-constrained\" style=\"margin-top:0;margin-bottom:0;padding-top:var(--wp--preset--spacing--50);padding-right:var(--wp--preset--spacing--50);padding-bottom:var(--wp--preset--spacing--50);padding-left:var(--wp--preset--spacing--50)\">\n<div class=\"wp-block-columns alignwide is-layout-flex wp-container-core-columns-is-layout-d0846407 wp-block-columns-is-layout-flex\">\n<div class=\"wp-block-column is-layout-flow wp-block-column-is-layout-flow\">\n<figure class=\"wp-block-image alignright size-large is-resized has-custom-border\"><img loading=\"lazy\" decoding=\"async\" width=\"777\" height=\"1024\" src=\"https:\/\/travailetapprentissages.fr\/wp-content\/uploads\/2024\/08\/Design-sans-titre-1-777x1024.png\" alt=\"\" class=\"wp-image-606\" style=\"border-style:none;border-width:0px;border-radius:18px;width:344px;height:auto\" srcset=\"https:\/\/travailetapprentissages.fr\/wp-content\/uploads\/2024\/08\/Design-sans-titre-1-777x1024.png 777w, https:\/\/travailetapprentissages.fr\/wp-content\/uploads\/2024\/08\/Design-sans-titre-1-228x300.png 228w, https:\/\/travailetapprentissages.fr\/wp-content\/uploads\/2024\/08\/Design-sans-titre-1-768x1012.png 768w, https:\/\/travailetapprentissages.fr\/wp-content\/uploads\/2024\/08\/Design-sans-titre-1-1166x1536.png 1166w, https:\/\/travailetapprentissages.fr\/wp-content\/uploads\/2024\/08\/Design-sans-titre-1.png 1414w\" sizes=\"auto, (max-width: 777px) 100vw, 777px\" \/><\/figure>\n<\/div>\n\n\n\n<div class=\"wp-block-column is-vertically-aligned-center is-layout-flow wp-block-column-is-layout-flow\">\n<h3 class=\"wp-block-heading\"><a href=\"https:\/\/travailetapprentissages.fr\/?page_id=19\" data-type=\"page\" data-id=\"19\">Direction r\u00e9dactionnelle<\/a><\/h3>\n\n\n\n<h3 class=\"wp-block-heading alignwide has-text-align-left\"><a href=\"https:\/\/travailetapprentissages.fr\/?page_id=28\" data-type=\"page\" data-id=\"28\">Texte d&rsquo;orientation<\/a><\/h3>\n\n\n\n<h3 class=\"wp-block-heading has-text-align-left\"><a href=\"https:\/\/travailetapprentissages.fr\/?page_id=29\" data-type=\"page\" data-id=\"29\">Comit\u00e9 de r\u00e9daction<\/a><\/h3>\n\n\n\n<h3 class=\"wp-block-heading has-text-align-left\"><a href=\"https:\/\/travailetapprentissages.fr\/?page_id=38\" data-type=\"page\" data-id=\"38\">Conseil scientifique<\/a><\/h3>\n\n\n\n<h3 class=\"wp-block-heading has-text-align-left\"><a href=\"https:\/\/travailetapprentissages.fr\/?page_id=39\" data-type=\"page\" data-id=\"39\">Historique de la revue<\/a><\/h3>\n\n\n\n<h3 class=\"wp-block-heading\"><a href=\"https:\/\/travailetapprentissages.fr\/?page_id=40\" data-type=\"page\" data-id=\"40\">\u00c9valuation<\/a><\/h3>\n<\/div>\n<\/div>\n<\/div>\n","protected":false},"excerpt":{"rendered":"<p>Direction r\u00e9dactionnelle Texte d&rsquo;orientation Comit\u00e9 de r\u00e9daction Conseil scientifique Historique de la revue \u00c9valuation<\/p>\n","protected":false},"author":1,"featured_media":0,"parent":0,"menu_order":0,"comment_status":"closed","ping_status":"closed","template":"","meta":{"footnotes":""},"class_list":["post-8","page","type-page","status-publish","hentry"],"_links":{"self":[{"href":"https:\/\/travailetapprentissages.fr\/index.php?rest_route=\/wp\/v2\/pages\/8","targetHints":{"allow":["GET"]}}],"collection":[{"href":"https:\/\/travailetapprentissages.fr\/index.php?rest_route=\/wp\/v2\/pages"}],"about":[{"href":"https:\/\/travailetapprentissages.fr\/index.php?rest_route=\/wp\/v2\/types\/page"}],"author":[{"embeddable":true,"href":"https:\/\/travailetapprentissages.fr\/index.php?rest_route=\/wp\/v2\/users\/1"}],"replies":[{"embeddable":true,"href":"https:\/\/travailetapprentissages.fr\/index.php?rest_route=%2Fwp%2Fv2%2Fcomments&post=8"}],"version-history":[{"count":14,"href":"https:\/\/travailetapprentissages.fr\/index.php?rest_route=\/wp\/v2\/pages\/8\/revisions"}],"predecessor-version":[{"id":796,"href":"https:\/\/travailetapprentissages.fr\/index.php?rest_route=\/wp\/v2\/pages\/8\/revisions\/796"}],"wp:attachment":[{"href":"https:\/\/travailetapprentissages.fr\/index.php?rest_route=%2Fwp%2Fv2%2Fmedia&parent=8"}],"curies":[{"name":"wp","href":"https:\/\/api.w.org\/{rel}","templated":true}]}}